{"id":672,"date":"2026-03-31T13:35:13","date_gmt":"2026-03-31T18:35:13","guid":{"rendered":"https:\/\/radioatalaya.net\/?page_id=672"},"modified":"2026-05-05T11:11:46","modified_gmt":"2026-05-05T16:11:46","slug":"rendicion-de-cuentas","status":"publish","type":"page","link":"https:\/\/radioatalaya.net\/?page_id=672","title":{"rendered":"Rendici\u00f3n de Cuentas 2025"},"content":{"rendered":"\n<div class=\"wp-block-stackable-text stk-block-text stk-block stk-09e264d\" data-block-id=\"09e264d\"><style>.stk-09e264d {column-count:1 !important;column-gap:0px !important;max-width:1500px !important;min-width:auto !important;margin-right:auto !important;margin-left:auto !important;}<\/style><p class=\"stk-block-text__text has-text-align-justify\">                                                               <strong>CODIGO DEONTOL\u00d3GICO<\/strong><br>Yo KARLA LIZ VILLACIS ESPINEL con C.C. No. 0926535352 en cumplimiento con lo establecido en la Ley Org\u00e1nica de Comunicaci\u00f3n del Ecuador, Publicada en el Tercer suplemento del Registro Oficial N\u00b0 22 del 25 de junio del 2013, al mantener mi representada SISTEMA DE EMISORAS ATALAYA S. A. un Contrato de Concesi\u00f3n para la Instalaci\u00f3n, Operaci\u00f3n y Explotaci\u00f3n de la Estaci\u00f3n de Radiodifusi\u00f3n denominada RADIO ATALAYA ., Frecuencia 680 khz en la Banda de Amplitud Modulada, que sirve a la ciudad de Guayaquil y sus alrededores., cumpliendo con la Ley Org\u00e1nica de Comunicaci\u00f3n del Ecuador, expide el siguiente C\u00f3digo Deontol\u00f3gico, el mismo que servir\u00e1 para mejorar la pr\u00e1ctica y gesti\u00f3n interna y el trabajo comunicacional de manera responsable, considerando que la informaci\u00f3n es un derecho constitucional y la comunicaci\u00f3n social que se realiza a trav\u00e9s de los medios de comunicaci\u00f3n es un servicio que deber\u00e1 ser prestado con responsabilidad y calidad, respetando los derechos a la comunicaci\u00f3n, establecidos en la Constituci\u00f3n, los instrumentos internacionales y contribuyendo al buen vivir de los ciudadanos y ciudadanas.<br>Los fines de la Radiodifusi\u00f3n es proporcionar informaci\u00f3n inmediata, \u00e1gil y veraz a la comunidad, basada en fuentes identificadas y responsables, nuestro accionar contribuye al incremento del nivel cultural de la poblaci\u00f3n mediante la difusi\u00f3n de la ciencia, tecnolog\u00eda y todo conocimiento \u00fatil, efectuando programas de recreaci\u00f3n musical y art\u00edstica aptos para todos los sectores de la poblaci\u00f3n, difundiendo actos, sucesos o eventos sociales, culturales, pol\u00edticos y de otra \u00edndole permitidos por la Constituci\u00f3n de la Rep\u00fablica y dem\u00e1s Leyes, que no atenten por tanto a los derechos humanos, a las buenas costumbres y a la reputaci\u00f3n de las personas.<\/p><\/div>\n\n\n\n<div class=\"wp-block-stackable-text stk-block-text stk-block stk-b9c27ce\" data-block-id=\"b9c27ce\"><p class=\"stk-block-text__text has-text-align-justify\"><br><strong>Art. 1: NORMAS DEONTOLOGICAS:<\/strong> RADIO ATALAYA 680 KHZ AM., ser\u00e1 un medio de comunicaci\u00f3n que cumplir\u00e1 y velar\u00e1 por cumplir con la informaci\u00f3n y opiniones que sus miembros o empleados trasmitan bas\u00e1ndose en los siguientes principios:<\/p><\/div>\n\n\n\n<div class=\"wp-block-stackable-text stk-block-text stk-block stk-79da4c6\" data-block-id=\"79da4c6\"><style>.stk-79da4c6 {column-gap:0px !important;}<\/style><p class=\"stk-block-text__text has-text-align-justify\"><br><strong>Referidos a la dignidad humana:<\/strong><br>a) Mantener el Respeto, la honra y la reputaci\u00f3n de las personas.<br>b) Respetar los derechos humanos y promover su plena aplicabilidad.<br>c) Abstenerse de realizar y difundir contenidos y comentarios discriminatorios; y,<br>d) Respetar la intimidad personal y familiar.<br><\/p><\/div>\n\n\n\n<div class=\"wp-block-stackable-text stk-block-text stk-block stk-98cc5ee\" data-block-id=\"98cc5ee\"><p class=\"stk-block-text__text\"><strong>Relaciones con los grupos de atenci\u00f3n prioritaria:<\/strong><br><strong>a)<\/strong> No incitar a que los ni\u00f1os, ni\u00f1as y adolescentes imiten comportamientos perjudiciales o peligrosos<br>    para su salud<br><strong>b)<\/strong> Abstenerse de usar y difundir menciones identificativas que atenten contra la dignidad o los derechos         de las personas con graves patolog\u00edas o discapacidades<br><strong>c) <\/strong>Evitar la representaci\u00f3n o comentario positivo o a valorativa de escenas donde se haga burla de discapacidades f\u00edsicas o ps\u00edquicas de las personas.<br><strong>d)<\/strong> Abstenerse de emitir menciones identificativas de ni\u00f1os, ni\u00f1as y adolescentes como autores, testigos o<br>v\u00edctimas de actos il\u00edcitos, salvo el caso que, en aplicaci\u00f3n del inter\u00e9s superior del ni\u00f1o, sea dispuesto por autoridad competente<br><strong>e) <\/strong>Proteger el derecho a la opini\u00f3n y privacidad de adolescentes en conflicto con la ley penal, en concordancia con las disposiciones del C\u00f3digo de la Ni\u00f1ez y Adolescencia; y, f) Abstenerse de emitir contenidos que atenten contra la dignidad de los adultos mayores o proyecten una visi\u00f3n negativa del envejecimiento.<br><\/p><\/div>\n\n\n\n<p><strong>Concernientes al ejercicio profesional:<\/strong><br><strong>a)<\/strong> Respetar los presupuestos constitucionales de verificaci\u00f3n, oportunidad, contextualizaci\u00f3n y contrastaci\u00f3n en la difusi\u00f3n de informaci\u00f3n de relevancia p\u00fablica o inter\u00e9s general<br><strong>b)<\/strong> Abstenerse de omitir y tergiversar intencionalmente elementos de la informaci\u00f3n u opiniones difundidas<br><strong>c)<\/strong> Abstenerse de obtener informaci\u00f3n o grabaciones con m\u00e9todos il\u00edcitos<br><strong>d)<\/strong> Evitar un tratamiento morboso a la informaci\u00f3n sobre cr\u00edmenes, accidentes, cat\u00e1strofes u otros eventos similares<br><strong>e)<\/strong> Defender y ejercer el derecho a la cl\u00e1usula de conciencia<br><strong>f)<\/strong> Impedir la censura en cualquiera de sus formas, independientemente de quien pretenda realizarla<br><strong>g) <\/strong>No aceptar presiones externas en el cumplimiento de la labor period\u00edstica<br><strong>h)<\/strong> Ejercer y respetar los derechos a la reserva de fuente y el secreto profesional<br><strong>i) <\/strong>Abstenerse de usar la condici\u00f3n de periodista o comunicador social para obtener beneficios personales<br><strong>j)<\/strong> No utilizar en provecho propio informaci\u00f3n privilegiada, obtenida en forma confidencial en el ejercicio de su funci\u00f3n informativa; y,<br><strong>k)<\/strong> Respetar los derechos de autor y las normas de citas <\/p>\n\n\n\n<div class=\"wp-block-stackable-text stk-block-text stk-block stk-c848528\" data-block-id=\"c848528\"><p class=\"stk-block-text__text has-text-align-justify\"><strong>Relacionados con las pr\u00e1cticas de los medios de comunicaci\u00f3n social y privada<\/strong><br><strong>a)<\/strong> Respetar la libertad de expresi\u00f3n, de comentario y de cr\u00edtica<br><strong>b)<\/strong> Acatar y promover la obediencia a la Constituci\u00f3n, a las leyes y a las decisiones leg\u00edtimas de las autoridades p\u00fablicas<br><strong>c)<\/strong> Promover espacios de encuentro y di\u00e1logo para la resoluci\u00f3n de conflictos de inter\u00e9s colectivo<br><strong>d)<\/strong> Contribuir al mantenimiento de la paz y seguridad<br><strong>e)<\/strong> Servir de canal para denunciar el abuso o uso ileg\u00edtimo que los funcionarios estatales o personas particulares hagan de los poderes p\u00fablicos y privados<br><strong>f) <\/strong>Impedir la difusi\u00f3n de publicidad enga\u00f1osa, discriminatoria, sexista, racista o que atente contra los derechos humanos de las personas<br><strong>g)<\/strong> Promover el di\u00e1logo intercultural y las nociones de unidad y de igualdad en la diversidad y en las relaciones interculturales<br><strong>h)<\/strong> Promover la integraci\u00f3n pol\u00edtica, econ\u00f3mica, cultural de los ciudadanos, pueblos y colectivos humanos <strong>i)<\/strong> Propender a la educomunicaci\u00f3n<br><strong>j)<\/strong> Rectificar a la brevedad posible las informaciones que se hayan demostrado como falsas o err\u00f3neas<br><strong>k) <\/strong>Respetar el derecho a la presunci\u00f3n de inocencia<br><strong>l)<\/strong> Abstenerse de difundir publirreportajes como si fuese material informativo<br><strong>m) <\/strong>Cuidar que los titulares sean coherentes y consistentes con el contenido de las noticias<br>n) Distinguir de forma inequ\u00edvoca entre noticias y opiniones<br>\uf0b7<br><strong>o) <\/strong>Distinguir claramente entre el material informativo, el material editorial y el material comercial o publicitario<br><strong>p) <\/strong>Evitar difundir de forma positiva o valorativa, las conductas irresponsables con el medio ambiente.<br><strong>q) <\/strong>Asumir la responsabilidad de la informaci\u00f3n y opiniones que se difundan<br><strong>r) <\/strong>Abstenerse de realizar pr\u00e1cticas de linchamiento medi\u00e1tico, entendiendo por tales, la difusi\u00f3n de informaci\u00f3n concertada y reiterativa, de manera directa o por terceros, a trav\u00e9s de los medios de comunicaci\u00f3n destinada a desprestigiar a una persona natural o jur\u00eddica o reducir su credibilidad p\u00fablica<br><\/p><\/div>\n\n\n\n<div class=\"wp-block-stackable-text stk-block-text stk-block stk-4b4ab9b\" data-block-id=\"4b4ab9b\"><p class=\"stk-block-text__text has-text-align-justify\"><strong>Art. 2: PARTICIPACI\u00d3N: <\/strong>RADIO ATALAYA 680 KHZ AM., es una estaci\u00f3n abierta permanentemente a enerar espacios de participaci\u00f3n facilitando a los ciudadanos y ciudadanas emitir sus opiniones basados en la ley y la veracidad de la informaci\u00f3n, desarrollando un sentido cr\u00edtico de los ciudadanos y promover su participaci\u00f3n en los asuntos de inter\u00e9s general.<\/p><\/div>\n\n\n\n<div class=\"wp-block-stackable-text stk-block-text stk-block stk-a9d9b48\" data-block-id=\"a9d9b48\"><p class=\"stk-block-text__text has-text-align-justify\"><strong><br>Art. 3: INTERES SUPERIOR DE NI\u00d1AS, NI\u00d1OS Y ADOLESCENTES:<\/strong> RADIOATALAYA 680 KHZ AM. promover\u00e1 de forma prioritaria el ejercicio de los derechos a la comunicaci\u00f3n de los ni\u00f1os, ni\u00f1as y adolescentes, atendiendo el principio de inter\u00e9s superior establecido en la Constituci\u00f3n y en el C\u00f3digo de la Ni\u00f1ez y Adolescencia<br><\/p><\/div>\n\n\n\n<div class=\"wp-block-stackable-text stk-block-text stk-block stk-f6a599b\" data-block-id=\"f6a599b\"><p class=\"stk-block-text__text has-text-align-justify\"><strong>At. 4: PRINCIPIO DE TRANSPARENCIA:<\/strong><br>RADIO ATALAYA 680 KHZ AM, se compromete a difundir e informar su c\u00f3digo deontol\u00f3gico en la p\u00e1gina web para conocimiento de la ciudadan\u00eda en general.<br><\/p><\/div>\n\n\n\n<div class=\"wp-block-stackable-text stk-block-text stk-block stk-f8621a2\" data-block-id=\"f8621a2\"><p class=\"stk-block-text__text has-text-align-justify\"><strong>Art. 5: DE LAS SANCIONES: <\/strong>El incumplimiento de las normas deontol\u00f3gicas establecidas en este C\u00f3digo podr\u00e1n ser denunciados por cualquier ciudadano u organizaci\u00f3n ante la Superintendencia de la Informaci\u00f3n y Comunicaci\u00f3n quien emitir\u00e1 un pronunciamiento conforme a Derecho.<br><\/p><\/div>\n\n\n\n<div class=\"wp-block-stackable-text stk-block-text stk-block stk-d847597\" data-block-id=\"d847597\"><p class=\"stk-block-text__text has-text-align-justify\"><strong>Art. 6: DE LOS COMUNICADORES:<\/strong> Los trabajadores de RADIOATALAYA 680 KHZ AM., est\u00e1n obligados a guardarse respeto y consideraci\u00f3n y a ser solidarios en la soluci\u00f3n de los problemas inherentes a sus actividades, promovi\u00e9ndose el bien de todos, la capacitaci\u00f3n y formaci\u00f3n continua y garantiz\u00e1ndose un adecuado ambiente de trabajo.<br>Los comunicadores gozan de los Derechos consagrados en la Constituci\u00f3n de la Rep\u00fablica y los que define la Ley Org\u00e1nica de Comunicaciones, especialmente el derecho a la cl\u00e1usula de conciencia, derecho a la reserva de la fuente, el derecho a mantener el secreto profesional, y el libre ejercicio de la comunicaci\u00f3n, as\u00ed como todos y cada uno de los derechos laborales de los trabajadores de la comunicaci\u00f3n.<br><\/p><\/div>\n\n\n\n<div class=\"wp-block-stackable-text stk-block-text stk-block stk-2e4c7df\" data-block-id=\"2e4c7df\"><p class=\"stk-block-text__text\">Guayaquil, 02 de febrero del 2026<br><strong>KARLA LIZ VILLACIS ESPINEL<br>GERENTE GENERAL<br>SISTEMA DE EMISORAS ATALAYA S. A<br>CONSECIONARIA<\/strong><\/p><\/div>\n\n\n\n<div class=\"wp-block-stackable-text stk-block-text stk-block stk-51ea3bc\" data-block-id=\"51ea3bc\"><p class=\"stk-block-text__text\"><\/p><\/div>\n\n\n\n<div data-wp-interactive=\"core\/file\" class=\"wp-block-file\"><object data-wp-bind--hidden=\"!state.hasPdfPreview\" hidden class=\"wp-block-file__embed\" data=\"https:\/\/radioatalaya.net\/wp-content\/uploads\/2026\/05\/RENDICION-DE-CUENTA-2025-RADIO-ATALAYA-signed.pdf\" type=\"application\/pdf\" style=\"width:100%;height:600px\" aria-label=\"Incrustado de RENDICION DE CUENTA 2025 RADIO ATALAYA-signed.\"><\/object><a id=\"wp-block-file--media-4e281088-d2eb-462b-a0e4-2d338bc27744\" href=\"https:\/\/radioatalaya.net\/wp-content\/uploads\/2026\/05\/RENDICION-DE-CUENTA-2025-RADIO-ATALAYA-signed.pdf\">RENDICION DE CUENTA 2025 RADIO ATALAYA-signed<\/a><a href=\"https:\/\/radioatalaya.net\/wp-content\/uploads\/2026\/05\/RENDICION-DE-CUENTA-2025-RADIO-ATALAYA-signed.pdf\" class=\"wp-block-file__button wp-element-button\" download aria-describedby=\"wp-block-file--media-4e281088-d2eb-462b-a0e4-2d338bc27744\">Descarga<\/a><\/div>\n\n\n\n<div data-wp-interactive=\"core\/file\" class=\"wp-block-file\"><object data-wp-bind--hidden=\"!state.hasPdfPreview\" hidden class=\"wp-block-file__embed\" data=\"https:\/\/radioatalaya.net\/wp-content\/uploads\/2026\/05\/CODIGO-DE-ETICA-RADIO-ATALAYA-680-AM-signed.pdf\" type=\"application\/pdf\" style=\"width:100%;height:600px\" aria-label=\"Incrustado de C\u00d3DIGO DE ETICA RADIO ATALAYA 680 AM-signed.\"><\/object><a id=\"wp-block-file--media-ba362faf-2e45-44ea-b9fd-bc9978be464f\" href=\"https:\/\/radioatalaya.net\/wp-content\/uploads\/2026\/05\/CODIGO-DE-ETICA-RADIO-ATALAYA-680-AM-signed.pdf\">C\u00d3DIGO DE ETICA RADIO ATALAYA 680 AM-signed<\/a><a href=\"https:\/\/radioatalaya.net\/wp-content\/uploads\/2026\/05\/CODIGO-DE-ETICA-RADIO-ATALAYA-680-AM-signed.pdf\" class=\"wp-block-file__button wp-element-button\" download aria-describedby=\"wp-block-file--media-ba362faf-2e45-44ea-b9fd-bc9978be464f\">Descarga<\/a><\/div>\n\n\n\n<div data-wp-interactive=\"core\/file\" class=\"wp-block-file\"><object data-wp-bind--hidden=\"!state.hasPdfPreview\" hidden class=\"wp-block-file__embed\" data=\"https:\/\/radioatalaya.net\/wp-content\/uploads\/2026\/04\/BALANCE-GENERAL-2025-RADIO-ATALAYA-signed.pdf\" type=\"application\/pdf\" style=\"width:100%;height:600px\" aria-label=\"Incrustado de BALANCE GENERAL 2025 RADIO ATALAYA-signed.\"><\/object><a id=\"wp-block-file--media-2e8889a5-745e-4e60-a44d-0c937bcf6e36\" href=\"https:\/\/radioatalaya.net\/wp-content\/uploads\/2026\/04\/BALANCE-GENERAL-2025-RADIO-ATALAYA-signed.pdf\">BALANCE GENERAL 2025 RADIO ATALAYA-signed<\/a><a href=\"https:\/\/radioatalaya.net\/wp-content\/uploads\/2026\/04\/BALANCE-GENERAL-2025-RADIO-ATALAYA-signed.pdf\" class=\"wp-block-file__button wp-element-button\" download aria-describedby=\"wp-block-file--media-2e8889a5-745e-4e60-a44d-0c937bcf6e36\">Descarga<\/a><\/div>\n\n\n\n<div data-wp-interactive=\"core\/file\" class=\"wp-block-file\"><object data-wp-bind--hidden=\"!state.hasPdfPreview\" hidden class=\"wp-block-file__embed\" data=\"https:\/\/radioatalaya.net\/wp-content\/uploads\/2026\/04\/TARIFARIO-Y-PROGRAMACION-RADIO-ATALAYA-680-AM-signed.pdf\" type=\"application\/pdf\" style=\"width:100%;height:600px\" aria-label=\"Incrustado de TARIFARIO Y PROGRAMACION RADIO ATALAYA 680 AM-signed.\"><\/object><a id=\"wp-block-file--media-f3febfa1-0bbf-4205-a0ef-a1248e1e525b\" href=\"https:\/\/radioatalaya.net\/wp-content\/uploads\/2026\/04\/TARIFARIO-Y-PROGRAMACION-RADIO-ATALAYA-680-AM-signed.pdf\">TARIFARIO Y PROGRAMACION RADIO ATALAYA 680 AM-signed<\/a><a href=\"https:\/\/radioatalaya.net\/wp-content\/uploads\/2026\/04\/TARIFARIO-Y-PROGRAMACION-RADIO-ATALAYA-680-AM-signed.pdf\" class=\"wp-block-file__button wp-element-button\" download aria-describedby=\"wp-block-file--media-f3febfa1-0bbf-4205-a0ef-a1248e1e525b\">Descarga<\/a><\/div>\n\n\n\n<div data-wp-interactive=\"core\/file\" class=\"wp-block-file\"><object data-wp-bind--hidden=\"!state.hasPdfPreview\" hidden class=\"wp-block-file__embed\" data=\"https:\/\/radioatalaya.net\/wp-content\/uploads\/2026\/05\/Declaracion-Renta-Atalaya.pdf\" type=\"application\/pdf\" style=\"width:100%;height:600px\" aria-label=\"Incrustado de Declaracion Renta Atalaya.\"><\/object><a id=\"wp-block-file--media-e86fa689-cbc0-496c-81e1-6895865fee1d\" href=\"https:\/\/radioatalaya.net\/wp-content\/uploads\/2026\/05\/Declaracion-Renta-Atalaya.pdf\">Declaracion Renta Atalaya<\/a><a href=\"https:\/\/radioatalaya.net\/wp-content\/uploads\/2026\/05\/Declaracion-Renta-Atalaya.pdf\" class=\"wp-block-file__button wp-element-button\" download aria-describedby=\"wp-block-file--media-e86fa689-cbc0-496c-81e1-6895865fee1d\">Descarga<\/a><\/div>\n","protected":false},"excerpt":{"rendered":"<p>CODIGO DEONTOL\u00d3GICOYo KARLA LIZ VILLACIS ESPINEL con C.C. No. 0926535352 en cumplimiento con lo establecido en la Ley Org\u00e1nica de Comunicaci\u00f3n del Ecuador, Publicada en el Tercer suplemento del Registro Oficial N\u00b0 22 del 25 de junio del 2013, al mantener mi representada SISTEMA DE EMISORAS ATALAYA S. A. un Contrato de Concesi\u00f3n para la [&hellip;]<\/p>\n","protected":false},"author":1,"featured_media":0,"parent":0,"menu_order":0,"comment_status":"closed","ping_status":"closed","template":"","meta":{"footnotes":""},"class_list":["post-672","page","type-page","status-publish","hentry"],"rttpg_featured_image_url":null,"rttpg_author":{"display_name":"admin","author_link":"https:\/\/radioatalaya.net\/?author=1"},"rttpg_comment":0,"rttpg_category":null,"rttpg_excerpt":"CODIGO DEONTOL\u00d3GICOYo KARLA LIZ VILLACIS ESPINEL con C.C. No. 0926535352 en cumplimiento con lo establecido en la Ley Org\u00e1nica de Comunicaci\u00f3n del Ecuador, Publicada en el Tercer suplemento del Registro Oficial N\u00b0 22 del 25 de junio del 2013, al mantener mi representada SISTEMA DE EMISORAS ATALAYA S. A. un Contrato de Concesi\u00f3n para la&hellip;","_links":{"self":[{"href":"https:\/\/radioatalaya.net\/index.php?rest_route=\/wp\/v2\/pages\/672","targetHints":{"allow":["GET"]}}],"collection":[{"href":"https:\/\/radioatalaya.net\/index.php?rest_route=\/wp\/v2\/pages"}],"about":[{"href":"https:\/\/radioatalaya.net\/index.php?rest_route=\/wp\/v2\/types\/page"}],"author":[{"embeddable":true,"href":"https:\/\/radioatalaya.net\/index.php?rest_route=\/wp\/v2\/users\/1"}],"replies":[{"embeddable":true,"href":"https:\/\/radioatalaya.net\/index.php?rest_route=%2Fwp%2Fv2%2Fcomments&post=672"}],"version-history":[{"count":12,"href":"https:\/\/radioatalaya.net\/index.php?rest_route=\/wp\/v2\/pages\/672\/revisions"}],"predecessor-version":[{"id":698,"href":"https:\/\/radioatalaya.net\/index.php?rest_route=\/wp\/v2\/pages\/672\/revisions\/698"}],"wp:attachment":[{"href":"https:\/\/radioatalaya.net\/index.php?rest_route=%2Fwp%2Fv2%2Fmedia&parent=672"}],"curies":[{"name":"wp","href":"https:\/\/api.w.org\/{rel}","templated":true}]}}