{"id":356,"date":"2026-03-27T22:31:12","date_gmt":"2026-03-27T22:31:12","guid":{"rendered":"https:\/\/radioatalaya.net\/?page_id=356"},"modified":"2026-03-31T12:35:48","modified_gmt":"2026-03-31T17:35:48","slug":"contacto","status":"publish","type":"page","link":"https:\/\/radioatalaya.net\/?page_id=356","title":{"rendered":"Cont\u00e1ctenos"},"content":{"rendered":"\n<p><\/p>\n\n\n\n<div class=\"wp-block-stackable-columns alignfull stk-block-columns stk-block stk-2dc1a64\" data-block-id=\"2dc1a64\"><style>.stk-2dc1a64 {margin-top:var(--stk--preset--spacing--70, 3.38rem) !important;margin-bottom:var(--stk--preset--spacing--70, 3.38rem) !important;}.stk-2dc1a64-column{--stk-column-gap:var(--stk--preset--spacing--50, clamp(30px, 5vw, 50px)) !important;}<\/style><div class=\"stk-row stk-inner-blocks stk-block-content stk-content-align stk-2dc1a64-column alignwide\">\n<div class=\"wp-block-stackable-column stk-block-column stk-column stk-block stk-ac2d87e stk-block-background stk--has-background-overlay\" data-v=\"4\" data-block-id=\"ac2d87e\"><style>.stk-ac2d87e {background-image:url(http:\/\/radioatalaya.net\/wp-content\/uploads\/2026\/03\/primer-plano-empresaria-gran-sonrisa_1098-3250.avif) !important;}<\/style><div class=\"stk-column-wrapper stk-block-column__content stk-container stk-ac2d87e-container stk--no-background stk--no-padding\"><div class=\"stk-block-content stk-inner-blocks stk-ac2d87e-inner-blocks\"><\/div><\/div><\/div>\n\n\n\n<div class=\"wp-block-stackable-column stk-block-column stk-column stk-block stk-3b269db\" data-v=\"4\" data-block-id=\"3b269db\"><div class=\"stk-column-wrapper stk-block-column__content stk-container stk-3b269db-container stk--no-background stk--no-padding\"><div class=\"stk-block-content stk-inner-blocks stk-3b269db-inner-blocks\">\n<div class=\"wp-block-stackable-heading stk-block-heading stk-block-heading--v2 stk-block stk-3d1e306\" id=\"heading-placeholder\" data-block-id=\"3d1e306\"><style>.stk-3d1e306 {margin-bottom:16px !important;}<\/style><h2 class=\"stk-block-heading__text\">Ponte en contacto con nosotros<\/h2><\/div>\n\n\n\n<div class=\"wp-block-stackable-text stk-block-text stk-block stk-5fe35b7\" data-block-id=\"5fe35b7\"><style>.stk-5fe35b7 {margin-bottom:32px !important;}<\/style><p class=\"stk-block-text__text\">Si tiene alguna pregunta, necesita ayuda o desea alguna u otra informaci\u00f3n, no dude en contactarnos.<\/p><\/div>\n\n\n\n<div class=\"wp-block-stackable-button-group stk-block-button-group stk-block stk-ac6377f\" data-block-id=\"ac6377f\"><style>.stk-ac6377f {margin-bottom:80px !important;}<\/style><div class=\"stk-row stk-inner-blocks stk-block-content stk-button-group\">\n<div class=\"wp-block-stackable-icon-button stk-block-icon-button stk-block stk-97060e2\" data-block-id=\"97060e2\"><a class=\"stk-link stk-button stk--hover-effect-darken\" href=\"https:\/\/www.facebook.com\/RADIO-Atalaya-680-AM-1611763419066873\/\"><span class=\"stk--svg-wrapper\"><div class=\"stk--inner-svg\"><svg data-prefix=\"fab\" data-icon=\"facebook-square\" class=\"svg-inline--fa fa-facebook-square fa-w-14\" xmlns=\"http:\/\/www.w3.org\/2000\/svg\" viewBox=\"0 0 448 512\" aria-hidden=\"true\" width=\"32\" height=\"32\"><path fill=\"currentColor\" d=\"M400 32H48A48 48 0 0 0 0 80v352a48 48 0 0 0 48 48h137.25V327.69h-63V256h63v-54.64c0-62.15 37-96.48 93.67-96.48 27.14 0 55.52 4.84 55.52 4.84v61h-31.27c-30.81 0-40.42 19.12-40.42 38.73V256h68.78l-11 71.69h-57.78V480H400a48 48 0 0 0 48-48V80a48 48 0 0 0-48-48z\"><\/path><\/svg><\/div><\/span><\/a><\/div>\n\n\n\n<div class=\"wp-block-stackable-icon-button stk-block-icon-button stk-block stk-7563722\" data-block-id=\"7563722\"><a class=\"stk-link stk-button stk--hover-effect-darken\" href=\"https:\/\/twitter.com\/680radioatalaya?lang=es\"><span class=\"stk--svg-wrapper\"><div class=\"stk--inner-svg\"><svg xmlns=\"http:\/\/www.w3.org\/2000\/svg\" viewBox=\"0 0 512 512\" aria-hidden=\"true\" width=\"32\" height=\"32\"><path d=\"M389.2 48h70.6L305.6 224.2 487 464H345L233.7 318.6 106.5 464H35.8L200.7 275.5 26.8 48H172.4L272.9 180.9 389.2 48zM364.4 421.8h39.1L151.1 88h-42L364.4 421.8z\"\/><\/svg><\/div><\/span><\/a><\/div>\n\n\n\n<div class=\"wp-block-stackable-icon-button stk-block-icon-button stk-block stk-81f7da7\" data-block-id=\"81f7da7\"><a class=\"stk-link stk-button stk--hover-effect-darken\" href=\"https:\/\/www.instagram.com\/radioatalaya680am\/\"><span class=\"stk--svg-wrapper\"><div class=\"stk--inner-svg\"><svg data-prefix=\"fab\" data-icon=\"instagram\" class=\"svg-inline--fa fa-instagram fa-w-14\" xmlns=\"http:\/\/www.w3.org\/2000\/svg\" viewBox=\"0 0 448 512\" aria-hidden=\"true\" width=\"32\" height=\"32\"><path fill=\"currentColor\" d=\"M224.1 141c-63.6 0-114.9 51.3-114.9 114.9s51.3 114.9 114.9 114.9S339 319.5 339 255.9 287.7 141 224.1 141zm0 189.6c-41.1 0-74.7-33.5-74.7-74.7s33.5-74.7 74.7-74.7 74.7 33.5 74.7 74.7-33.6 74.7-74.7 74.7zm146.4-194.3c0 14.9-12 26.8-26.8 26.8-14.9 0-26.8-12-26.8-26.8s12-26.8 26.8-26.8 26.8 12 26.8 26.8zm76.1 27.2c-1.7-35.9-9.9-67.7-36.2-93.9-26.2-26.2-58-34.4-93.9-36.2-37-2.1-147.9-2.1-184.9 0-35.8 1.7-67.6 9.9-93.9 36.1s-34.4 58-36.2 93.9c-2.1 37-2.1 147.9 0 184.9 1.7 35.9 9.9 67.7 36.2 93.9s58 34.4 93.9 36.2c37 2.1 147.9 2.1 184.9 0 35.9-1.7 67.7-9.9 93.9-36.2 26.2-26.2 34.4-58 36.2-93.9 2.1-37 2.1-147.8 0-184.8zM398.8 388c-7.8 19.6-22.9 34.7-42.6 42.6-29.5 11.7-99.5 9-132.1 9s-102.7 2.6-132.1-9c-19.6-7.8-34.7-22.9-42.6-42.6-11.7-29.5-9-99.5-9-132.1s-2.6-102.7 9-132.1c7.8-19.6 22.9-34.7 42.6-42.6 29.5-11.7 99.5-9 132.1-9s102.7-2.6 132.1 9c19.6 7.8 34.7 22.9 42.6 42.6 11.7 29.5 9 99.5 9 132.1s2.7 102.7-9 132.1z\"><\/path><\/svg><\/div><\/span><\/a><\/div>\n\n\n\n<div class=\"wp-block-stackable-icon-button stk-block-icon-button stk-block stk-3d325df\" data-block-id=\"3d325df\"><a class=\"stk-link stk-button stk--hover-effect-darken\" href=\"https:\/\/www.youtube.com\/@radioatalaya7557\"><span class=\"stk--svg-wrapper\"><div class=\"stk--inner-svg\"><svg data-prefix=\"fab\" data-icon=\"youtube\" class=\"svg-inline--fa fa-youtube fa-w-18\" xmlns=\"http:\/\/www.w3.org\/2000\/svg\" viewBox=\"0 0 576 512\" aria-hidden=\"true\" width=\"32\" height=\"32\"><path fill=\"currentColor\" d=\"M549.655 124.083c-6.281-23.65-24.787-42.276-48.284-48.597C458.781 64 288 64 288 64S117.22 64 74.629 75.486c-23.497 6.322-42.003 24.947-48.284 48.597-11.412 42.867-11.412 132.305-11.412 132.305s0 89.438 11.412 132.305c6.281 23.65 24.787 41.5 48.284 47.821C117.22 448 288 448 288 448s170.78 0 213.371-11.486c23.497-6.321 42.003-24.171 48.284-47.821 11.412-42.867 11.412-132.305 11.412-132.305s0-89.438-11.412-132.305zm-317.51 213.508V175.185l142.739 81.205-142.739 81.201z\"><\/path><\/svg><\/div><\/span><\/a><\/div>\n\n\n\n<div class=\"wp-block-stackable-icon-button stk-block-icon-button stk-block stk-112d65a\" data-block-id=\"112d65a\"><a class=\"stk-link stk-button stk--hover-effect-darken\" href=\"#\"><span class=\"stk--svg-wrapper\"><div class=\"stk--inner-svg\"><svg data-prefix=\"fab\" data-icon=\"linkedin-in\" class=\"svg-inline--fa fa-linkedin-in fa-w-14\" xmlns=\"http:\/\/www.w3.org\/2000\/svg\" viewBox=\"0 0 448 512\" aria-hidden=\"true\" width=\"32\" height=\"32\"><path fill=\"currentColor\" d=\"M100.28 448H7.4V148.9h92.88zM53.79 108.1C24.09 108.1 0 83.5 0 53.8a53.79 53.79 0 0 1 107.58 0c0 29.7-24.1 54.3-53.79 54.3zM447.9 448h-92.68V302.4c0-34.7-.7-79.2-48.29-79.2-48.29 0-55.69 37.7-55.69 76.7V448h-92.78V148.9h89.08v40.8h1.3c12.4-23.5 42.69-48.3 87.88-48.3 94 0 111.28 61.9 111.28 142.3V448z\"><\/path><\/svg><\/div><\/span><\/a><\/div>\n<\/div><\/div>\n\n\n\n<div class=\"wp-block-stackable-text stk-block-text stk-block stk-98306e3\" data-block-id=\"98306e3\"><style>.stk-98306e3 {margin-bottom:16px !important;}<\/style><p class=\"stk-block-text__text\"><strong>Direcci\u00f3n<\/strong>: Kennedy Norte mz 901 villa 17<\/p><\/div>\n\n\n\n<div class=\"wp-block-stackable-text stk-block-text stk-block stk-05fd340\" data-block-id=\"05fd340\"><style>.stk-05fd340 {margin-bottom:16px !important;}<\/style><p class=\"stk-block-text__text\"><strong>Tel\u00e9fonos<\/strong>: 04 2681110 \u2013 04 2681193<\/p><\/div>\n\n\n\n<div class=\"wp-block-stackable-text stk-block-text stk-block stk-2ab3d41\" data-block-id=\"2ab3d41\"><p class=\"stk-block-text__text\"><strong>Celular: <\/strong>+593-993448653<\/p><\/div>\n\n\n\n<div class=\"wp-block-stackable-text stk-block-text stk-block stk-12e97fd\" data-block-id=\"12e97fd\"><p class=\"stk-block-text__text\"><strong>Email<\/strong>: jpjatalaya@hotmail.com<\/p><\/div>\n<\/div><\/div><\/div>\n<\/div><\/div>\n\n\n\n<div class=\"wp-block-stackable-heading stk-block-heading stk-block-heading--v2 stk-block stk-0665388\" id=\"como-llegar\" data-block-id=\"0665388\"><h2 class=\"stk-block-heading__text\">Como Llegar:<\/h2><\/div>\n\n\n\n<div class=\"wp-block-stackable-map stk-block-map stk-block stk-1446949\" data-block-id=\"1446949\"><iframe\n\t\t\t\t\t\ttitle=\"Embedded content from Google Maps Platform.\"\n\t\t\t\t\t\tsrc=\"https:\/\/maps.google.com\/maps?q=R3RX+WVQ, Victor Hugo Sicouret, 090512 Guayaquil, Ecuador&#038;t=&#038;z=12&#038;ie=UTF8&#038;output=embed\"\n\t\t\t\t\t\tstyle=\"border:0;width:100%;max-width:none;max-height:none;height:100%;\"\n\t\t\t\t\t\taria-hidden=\"false\"\n\t\t\t\t\t\ttabIndex=\"0\"\n\t\t\t\t\t\tallowfullscreen\n\t\t\t\t\t\tloading=\"lazy\"\n\t\t\t\t\t\tframeBorder=\"0\"\n\t\t\t\t\t><\/iframe><\/div>\n","protected":false},"excerpt":{"rendered":"<p>Ponte en contacto con nosotros Si tiene alguna pregunta, necesita ayuda o desea alguna u otra informaci\u00f3n, no dude en contactarnos. Direcci\u00f3n: Kennedy Norte mz 901 villa 17 Tel\u00e9fonos: 04 2681110 \u2013 04 2681193 Celular: +593-993448653 Email: jpjatalaya@hotmail.com Como Llegar:<\/p>\n","protected":false},"author":1,"featured_media":0,"parent":0,"menu_order":0,"comment_status":"closed","ping_status":"closed","template":"","meta":{"footnotes":""},"class_list":["post-356","page","type-page","status-publish","hentry"],"rttpg_featured_image_url":null,"rttpg_author":{"display_name":"admin","author_link":"https:\/\/radioatalaya.net\/?author=1"},"rttpg_comment":0,"rttpg_category":null,"rttpg_excerpt":"Ponte en contacto con nosotros Si tiene alguna pregunta, necesita ayuda o desea alguna u otra informaci\u00f3n, no dude en contactarnos. Direcci\u00f3n: Kennedy Norte mz 901 villa 17 Tel\u00e9fonos: 04 2681110 \u2013 04 2681193 Celular: +593-993448653 Email: jpjatalaya@hotmail.com Como Llegar:","_links":{"self":[{"href":"https:\/\/radioatalaya.net\/index.php?rest_route=\/wp\/v2\/pages\/356","targetHints":{"allow":["GET"]}}],"collection":[{"href":"https:\/\/radioatalaya.net\/index.php?rest_route=\/wp\/v2\/pages"}],"about":[{"href":"https:\/\/radioatalaya.net\/index.php?rest_route=\/wp\/v2\/types\/page"}],"author":[{"embeddable":true,"href":"https:\/\/radioatalaya.net\/index.php?rest_route=\/wp\/v2\/users\/1"}],"replies":[{"embeddable":true,"href":"https:\/\/radioatalaya.net\/index.php?rest_route=%2Fwp%2Fv2%2Fcomments&post=356"}],"version-history":[{"count":12,"href":"https:\/\/radioatalaya.net\/index.php?rest_route=\/wp\/v2\/pages\/356\/revisions"}],"predecessor-version":[{"id":661,"href":"https:\/\/radioatalaya.net\/index.php?rest_route=\/wp\/v2\/pages\/356\/revisions\/661"}],"wp:attachment":[{"href":"https:\/\/radioatalaya.net\/index.php?rest_route=%2Fwp%2Fv2%2Fmedia&parent=356"}],"curies":[{"name":"wp","href":"https:\/\/api.w.org\/{rel}","templated":true}]}}